{"id":7650,"date":"2020-08-05T15:47:37","date_gmt":"2020-08-05T19:47:37","guid":{"rendered":"https:\/\/ntswireless.ca\/boutique\/?post_type=product&#038;p=7650"},"modified":"2021-10-22T11:57:31","modified_gmt":"2021-10-22T15:57:31","slug":"geolocalisation-satellite-geosat-solaire","status":"publish","type":"product","link":"https:\/\/ntswireless.ca\/boutique\/product\/geolocalisation-satellite-geosat-solaire\/","title":{"rendered":"G\u00e9olocalisation Satellite Solaire \u00b7 G\u00c9OSAT-SOL"},"content":{"rendered":"<h4>\u00a0<\/h4>\n<h3>TRACEUR SATELLITE ALIMENT\u00c9 PAR \u00c9NERGIE SOLAIRE !<\/h3>\n<p>&nbsp;<\/p>\n<h3>Le\u00a0<strong>G\u00c9OSAT-SOL<\/strong>\u00a0vous offre l&rsquo;autonomie requise en tout temps gr\u00e2ce \u00e0 son alimentation solaire tout en permettant une installation ultra simplifi\u00e9e, ce traceur propose des capacit\u00e9s de surveillance \u00e0 distance et de g\u00e9olocalisation in\u00e9gal\u00e9s.<\/h3>\n<p>De fa\u00e7on autonome il permet la transmissions des donn\u00e9es via le r\u00e9seau satellite et le suivi des d\u00e9placements \u00e0 partir de l&rsquo;interface de g\u00e9olocalisation de NTS. Encore plus de latitude ! Combin\u00e9 aux c\u00e2bles de branchements il permet la gestion de (2) contacts d&rsquo;entr\u00e9es afin contr\u00f4ler l&rsquo;ouverture et la fermeture de portes, le contr\u00f4le de voltage, le contr\u00f4le de la mise en fonction du v\u00e9hicule et bien plus&#8230;! La plateforme de g\u00e9olocalisation vous permet de g\u00e9rer les \u00e9v\u00e9nements intuitivement, de cr\u00e9er des notifications et d\u2019analyser rapidement les donn\u00e9es et de g\u00e9n\u00e9rer des rapports personnalis\u00e9s.<\/p>\n<h3>Ajouter des accessoires suppl\u00e9mentaires afin de personnaliser votre installation !<\/h3>\n<ul>\n<li>C\u00e2ble de branchement pour contacts d&rsquo;entr\u00e9es et alimentation ( Permet contr\u00f4le de 2 contact entr\u00e9es et d\u00e9tection de 1 contact ignition)<\/li>\n<li>C\u00e2ble de branchement pour circuits de 12-24-48 volts (Permet d&rsquo;alimenter le boitier de t\u00e9l\u00e9m\u00e9trie en tout temps).<\/li>\n<li>C\u00e2ble de branchement avec prise 12 volts pour allume cigare.(Permet d&rsquo;alimenter le boitier en tout temps pour installation rapide).<\/li>\n<li>C\u00e2ble incluant boitier (2) interrupteurs de notifications d&rsquo;alertes d&rsquo;urgences.<\/li>\n<li>C\u00e2ble incluant boitier (1) interrupteur de notification d&rsquo;alerte d&rsquo;urgence.<\/li>\n<li>Support de protection pour boitier satellite ( Permet de s\u00e9curis\u00e9 et pr\u00e9venir les dommages au boitier satellite lors d&rsquo;usage intensif).<\/li>\n<\/ul>\n<h3><strong>Commander facilement en 4 \u00e9tapes !<\/strong><\/h3>\n<ol>\n<li>S\u00e9lectionner votre produit de t\u00e9l\u00e9m\u00e9trie et accessoires d\u00e9sir\u00e9s.<\/li>\n<li>S\u00e9lectionner le forfait de transmissions de donn\u00e9es satellite d\u00e9sir\u00e9. (Aucun contrat n\u00e9cessaire, forfait minimum de 30 jours)<\/li>\n<li>Proc\u00e9der \u00e0 votre commande et recevrez vos produits par colis incluant le guide d&rsquo;installation simplifi\u00e9.<\/li>\n<li>Vous recevrez un courriel de bienvenue afin de finaliser la cr\u00e9ation de votre compte de g\u00e9olocalisation en ligne.<\/li>\n<\/ol>\n<h3>Voil\u00e0 vous \u00eates pr\u00eat !<\/h3>\n","protected":false},"excerpt":{"rendered":"<h3>Le syst\u00e8me<\/h3>\n<h3><strong>G\u00c9OSAT-SOL e<\/strong>st la solution id\u00e9ale pour la g\u00e9olocalisation de v\u00e9hicules personnel de toute cat\u00e9gories et pour la gestion de parc de v\u00e9hicules, remorques et \u00e9quipements de toute taille.<\/h3>\n","protected":false},"featured_media":7652,"comment_status":"open","ping_status":"closed","template":"","meta":[],"product_cat":[58],"product_tag":[99,100,103,102,104],"class_list":{"0":"post-7650","1":"product","2":"type-product","3":"status-publish","4":"has-post-thumbnail","6":"product_brand-easygo","7":"product_brand-nts","8":"product_cat-geolocalisation-satellite","9":"product_tag-geolocalisation-automobile","10":"product_tag-geolocalisation-camion","11":"product_tag-geolocalisation-equipement","12":"product_tag-geolocalisation-remorques","13":"product_tag-geolocalisation-vehicule-recreatif","16":"first","17":"instock","18":"sale","19":"featured","20":"taxable","21":"shipping-taxable","22":"purchasable","23":"product-type-simple"},"yoast_head":"<!-- This site is optimized with the Yoast SEO plugin v16.7 - https:\/\/yoast.com\/wordpress\/plugins\/seo\/ -->\n<title>G\u00e9olocalisation Satellite Solaire \u00b7 G\u00c9OSAT-SOL - Boutique NTS<\/title>\n<meta name=\"robots\" content=\"noindex, follow, max-snippet:-1, max-image-preview:large, max-video-preview:-1\" \/>\n<meta property=\"og:locale\" content=\"fr_CA\" \/>\n<meta property=\"og:type\" content=\"article\" \/>\n<meta property=\"og:title\" content=\"G\u00e9olocalisation Satellite Solaire \u00b7 G\u00c9OSAT-SOL - Boutique NTS\" \/>\n<meta property=\"og:description\" content=\"Le syst\u00e8meG\u00c9OSAT-SOL est la solution id\u00e9ale pour la g\u00e9olocalisation de v\u00e9hicules personnel de toute cat\u00e9gories et pour la gestion de parc de v\u00e9hicules, remorques et \u00e9quipements de toute taille.\" \/>\n<meta property=\"og:url\" content=\"https:\/\/ntswireless.ca\/boutique\/product\/geolocalisation-satellite-geosat-solaire\/\" \/>\n<meta property=\"og:site_name\" content=\"Boutique NTS\" \/>\n<meta property=\"article:modified_time\" content=\"2021-10-22T15:57:31+00:00\" \/>\n<meta property=\"og:image\" content=\"https:\/\/ntswireless.ca\/boutique\/wp-content\/uploads\/2020\/08\/G\u00e9osat-solaire.png\" \/>\n\t<meta property=\"og:image:width\" content=\"923\" \/>\n\t<meta property=\"og:image:height\" content=\"1000\" \/>\n<meta name=\"twitter:card\" content=\"summary_large_image\" \/>\n<meta name=\"twitter:label1\" content=\"Estimation du temps de lecture\" \/>\n\t<meta name=\"twitter:data1\" content=\"2 minutes\" \/>\n<script type=\"application\/ld+json\" class=\"yoast-schema-graph\">{\"@context\":\"https:\/\/schema.org\",\"@graph\":[{\"@type\":\"WebSite\",\"@id\":\"https:\/\/ntswireless.ca\/boutique\/#website\",\"url\":\"https:\/\/ntswireless.ca\/boutique\/\",\"name\":\"Boutique NTS\",\"description\":\"Bienvenue sur notre boutique en ligne !\",\"potentialAction\":[{\"@type\":\"SearchAction\",\"target\":{\"@type\":\"EntryPoint\",\"urlTemplate\":\"https:\/\/ntswireless.ca\/boutique\/?s={search_term_string}\"},\"query-input\":\"required name=search_term_string\"}],\"inLanguage\":\"fr-CA\"},{\"@type\":\"ImageObject\",\"@id\":\"https:\/\/ntswireless.ca\/boutique\/product\/geolocalisation-satellite-geosat-solaire\/#primaryimage\",\"inLanguage\":\"fr-CA\",\"url\":\"https:\/\/ntswireless.ca\/boutique\/wp-content\/uploads\/2020\/08\/G\\u00e9osat-solaire.png\",\"contentUrl\":\"https:\/\/ntswireless.ca\/boutique\/wp-content\/uploads\/2020\/08\/G\\u00e9osat-solaire.png\",\"width\":923,\"height\":1000},{\"@type\":\"WebPage\",\"@id\":\"https:\/\/ntswireless.ca\/boutique\/product\/geolocalisation-satellite-geosat-solaire\/#webpage\",\"url\":\"https:\/\/ntswireless.ca\/boutique\/product\/geolocalisation-satellite-geosat-solaire\/\",\"name\":\"G\\u00e9olocalisation Satellite Solaire \\u00b7 G\\u00c9OSAT-SOL - Boutique NTS\",\"isPartOf\":{\"@id\":\"https:\/\/ntswireless.ca\/boutique\/#website\"},\"primaryImageOfPage\":{\"@id\":\"https:\/\/ntswireless.ca\/boutique\/product\/geolocalisation-satellite-geosat-solaire\/#primaryimage\"},\"datePublished\":\"2020-08-05T19:47:37+00:00\",\"dateModified\":\"2021-10-22T15:57:31+00:00\",\"breadcrumb\":{\"@id\":\"https:\/\/ntswireless.ca\/boutique\/product\/geolocalisation-satellite-geosat-solaire\/#breadcrumb\"},\"inLanguage\":\"fr-CA\",\"potentialAction\":[{\"@type\":\"ReadAction\",\"target\":[\"https:\/\/ntswireless.ca\/boutique\/product\/geolocalisation-satellite-geosat-solaire\/\"]}]},{\"@type\":\"BreadcrumbList\",\"@id\":\"https:\/\/ntswireless.ca\/boutique\/product\/geolocalisation-satellite-geosat-solaire\/#breadcrumb\",\"itemListElement\":[{\"@type\":\"ListItem\",\"position\":1,\"name\":\"Home\",\"item\":\"https:\/\/ntswireless.ca\/boutique\/\"},{\"@type\":\"ListItem\",\"position\":2,\"name\":\"Magasiner\",\"item\":\"https:\/\/ntswireless.ca\/boutique\/magasiner\/\"},{\"@type\":\"ListItem\",\"position\":3,\"name\":\"G\\u00e9olocalisation Satellite Solaire \\u00b7 G\\u00c9OSAT-SOL\"}]}]}<\/script>\n<!-- \/ Yoast SEO plugin. -->","yoast_head_json":{"title":"G\u00e9olocalisation Satellite Solaire \u00b7 G\u00c9OSAT-SOL - Boutique NTS","robots":{"index":"noindex","follow":"follow","max-snippet":"max-snippet:-1","max-image-preview":"max-image-preview:large","max-video-preview":"max-video-preview:-1"},"og_locale":"fr_CA","og_type":"article","og_title":"G\u00e9olocalisation Satellite Solaire \u00b7 G\u00c9OSAT-SOL - Boutique NTS","og_description":"Le syst\u00e8meG\u00c9OSAT-SOL est la solution id\u00e9ale pour la g\u00e9olocalisation de v\u00e9hicules personnel de toute cat\u00e9gories et pour la gestion de parc de v\u00e9hicules, remorques et \u00e9quipements de toute taille.","og_url":"https:\/\/ntswireless.ca\/boutique\/product\/geolocalisation-satellite-geosat-solaire\/","og_site_name":"Boutique NTS","article_modified_time":"2021-10-22T15:57:31+00:00","og_image":[{"width":923,"height":1000,"url":"https:\/\/ntswireless.ca\/boutique\/wp-content\/uploads\/2020\/08\/G\u00e9osat-solaire.png","path":"\/home\/ntswirel\/public_html\/boutique\/wp-content\/uploads\/2020\/08\/G\u00e9osat-solaire.png","size":"full","id":7652,"alt":"","pixels":923000,"type":"image\/png"}],"twitter_card":"summary_large_image","twitter_misc":{"Estimation du temps de lecture":"2 minutes"},"schema":{"@context":"https:\/\/schema.org","@graph":[{"@type":"WebSite","@id":"https:\/\/ntswireless.ca\/boutique\/#website","url":"https:\/\/ntswireless.ca\/boutique\/","name":"Boutique NTS","description":"Bienvenue sur notre boutique en ligne !","potentialAction":[{"@type":"SearchAction","target":{"@type":"EntryPoint","urlTemplate":"https:\/\/ntswireless.ca\/boutique\/?s={search_term_string}"},"query-input":"required name=search_term_string"}],"inLanguage":"fr-CA"},{"@type":"ImageObject","@id":"https:\/\/ntswireless.ca\/boutique\/product\/geolocalisation-satellite-geosat-solaire\/#primaryimage","inLanguage":"fr-CA","url":"https:\/\/ntswireless.ca\/boutique\/wp-content\/uploads\/2020\/08\/G\u00e9osat-solaire.png","contentUrl":"https:\/\/ntswireless.ca\/boutique\/wp-content\/uploads\/2020\/08\/G\u00e9osat-solaire.png","width":923,"height":1000},{"@type":"WebPage","@id":"https:\/\/ntswireless.ca\/boutique\/product\/geolocalisation-satellite-geosat-solaire\/#webpage","url":"https:\/\/ntswireless.ca\/boutique\/product\/geolocalisation-satellite-geosat-solaire\/","name":"G\u00e9olocalisation Satellite Solaire \u00b7 G\u00c9OSAT-SOL - Boutique NTS","isPartOf":{"@id":"https:\/\/ntswireless.ca\/boutique\/#website"},"primaryImageOfPage":{"@id":"https:\/\/ntswireless.ca\/boutique\/product\/geolocalisation-satellite-geosat-solaire\/#primaryimage"},"datePublished":"2020-08-05T19:47:37+00:00","dateModified":"2021-10-22T15:57:31+00:00","breadcrumb":{"@id":"https:\/\/ntswireless.ca\/boutique\/product\/geolocalisation-satellite-geosat-solaire\/#breadcrumb"},"inLanguage":"fr-CA","potentialAction":[{"@type":"ReadAction","target":["https:\/\/ntswireless.ca\/boutique\/product\/geolocalisation-satellite-geosat-solaire\/"]}]},{"@type":"BreadcrumbList","@id":"https:\/\/ntswireless.ca\/boutique\/product\/geolocalisation-satellite-geosat-solaire\/#breadcrumb","itemListElement":[{"@type":"ListItem","position":1,"name":"Home","item":"https:\/\/ntswireless.ca\/boutique\/"},{"@type":"ListItem","position":2,"name":"Magasiner","item":"https:\/\/ntswireless.ca\/boutique\/magasiner\/"},{"@type":"ListItem","position":3,"name":"G\u00e9olocalisation Satellite Solaire \u00b7 G\u00c9OSAT-SOL"}]}]}},"_links":{"self":[{"href":"https:\/\/ntswireless.ca\/boutique\/wp-json\/wp\/v2\/product\/7650","targetHints":{"allow":["GET"]}}],"collection":[{"href":"https:\/\/ntswireless.ca\/boutique\/wp-json\/wp\/v2\/product"}],"about":[{"href":"https:\/\/ntswireless.ca\/boutique\/wp-json\/wp\/v2\/types\/product"}],"replies":[{"embeddable":true,"href":"https:\/\/ntswireless.ca\/boutique\/wp-json\/wp\/v2\/comments?post=7650"}],"wp:featuredmedia":[{"embeddable":true,"href":"https:\/\/ntswireless.ca\/boutique\/wp-json\/wp\/v2\/media\/7652"}],"wp:attachment":[{"href":"https:\/\/ntswireless.ca\/boutique\/wp-json\/wp\/v2\/media?parent=7650"}],"wp:term":[{"taxonomy":"product_cat","embeddable":true,"href":"https:\/\/ntswireless.ca\/boutique\/wp-json\/wp\/v2\/product_cat?post=7650"},{"taxonomy":"product_tag","embeddable":true,"href":"https:\/\/ntswireless.ca\/boutique\/wp-json\/wp\/v2\/product_tag?post=7650"}],"curies":[{"name":"wp","href":"https:\/\/api.w.org\/{rel}","templated":true}]}}