{"id":7972,"date":"2020-08-24T14:02:14","date_gmt":"2020-08-24T18:02:14","guid":{"rendered":"https:\/\/ntswireless.ca\/boutique\/?post_type=product&#038;p=7972"},"modified":"2021-05-05T17:04:23","modified_gmt":"2021-05-05T21:04:23","slug":"plan-latitude-30c-geolocalisation-cellulaire","status":"publish","type":"product","link":"https:\/\/ntswireless.ca\/boutique\/product\/plan-latitude-30c-geolocalisation-cellulaire\/","title":{"rendered":"Plan Latitude 30C \u2022 G\u00e9olocalisation cellulaire"},"content":{"rendered":"<h2>Plan Latitude 30C<\/h2>\n<h3>Forfait mensuel de G\u00e9olocalisation \u2022 10 Mo de transmission cellulaire<\/h3>\n<p>Le forfait Latitude 30C vous offre l&rsquo;acc\u00e8s au r\u00e9seau cellulaire, le service de transmission de donn\u00e9es cellulaire jusqu&rsquo;\u00e0 10 Mo, l&rsquo;acc\u00e8s \u00e0 l&rsquo;interface de g\u00e9olocalisation pour un p\u00e9riode de 30 jours.<\/p>\n<p>Le service est renouvelable automatiquement \u00e0 la fin de la p\u00e9riode de 30 jours.<\/p>\n<h3>Activer votre appareil de g\u00e9olocalisation si ce n&rsquo;est pas d\u00e9j\u00e0 !<\/h3>\n<ul>\n<li>Afin d&rsquo;adh\u00e9rer au forfait Latitude 30C votre appareil doit \u00eatre activ\u00e9 en premier lieu.<\/li>\n<\/ul>\n<h3><strong>Commander facilement en 4 \u00e9tapes !<\/strong><\/h3>\n<ol>\n<li>Activer votre appareil de g\u00e9olocalisation si ce n&rsquo;est pas d\u00e9j\u00e0 fait.<\/li>\n<li>S\u00e9lectionner le forfait de transmissions de donn\u00e9es cellulaire d\u00e9sir\u00e9. (forfait minimum de 30 jours, entente de 12 mois)<\/li>\n<li>Proc\u00e9der \u00e0 votre commande.<\/li>\n<li>Vous recevrez un courriel de confirmation d&rsquo;activation et d&rsquo;abonnement au service de g\u00e9olocalisation cellulaire.<\/li>\n<\/ol>\n<h3>Voil\u00e0 vous \u00eates pr\u00eat !<\/h3>\n","protected":false},"excerpt":{"rendered":"<h4>Vous voil\u00e0 presque pr\u00eat \u00e0 utiliser votre appareil !<\/h4>\n<p>&nbsp;<\/p>\n","protected":false},"featured_media":7971,"comment_status":"open","ping_status":"closed","template":"","meta":[],"product_cat":[98],"product_tag":[99,100,103,102,104],"class_list":{"0":"post-7972","1":"product","2":"type-product","3":"status-publish","4":"has-post-thumbnail","6":"product_cat-geolocalisation-cellulaire","7":"product_tag-geolocalisation-automobile","8":"product_tag-geolocalisation-camion","9":"product_tag-geolocalisation-equipement","10":"product_tag-geolocalisation-remorques","11":"product_tag-geolocalisation-vehicule-recreatif","14":"first","15":"instock","16":"featured","17":"virtual","18":"taxable","19":"purchasable","20":"product-type-simple"},"yoast_head":"<!-- This site is optimized with the Yoast SEO plugin v16.7 - https:\/\/yoast.com\/wordpress\/plugins\/seo\/ -->\n<title>Plan Latitude 30C \u2022 G\u00e9olocalisation cellulaire - Boutique NTS<\/title>\n<meta name=\"robots\" content=\"noindex, follow, max-snippet:-1, max-image-preview:large, max-video-preview:-1\" \/>\n<meta property=\"og:locale\" content=\"fr_CA\" \/>\n<meta property=\"og:type\" content=\"article\" \/>\n<meta property=\"og:title\" content=\"Plan Latitude 30C \u2022 G\u00e9olocalisation cellulaire - Boutique NTS\" \/>\n<meta property=\"og:description\" content=\"Vous voil\u00e0 presque pr\u00eat \u00e0 utiliser votre appareil ! &nbsp;\" \/>\n<meta property=\"og:url\" content=\"https:\/\/ntswireless.ca\/boutique\/product\/plan-latitude-30c-geolocalisation-cellulaire\/\" \/>\n<meta property=\"og:site_name\" content=\"Boutique NTS\" \/>\n<meta property=\"article:modified_time\" content=\"2021-05-05T21:04:23+00:00\" \/>\n<meta property=\"og:image\" content=\"https:\/\/ntswireless.ca\/boutique\/wp-content\/uploads\/2020\/08\/Latitude-cellulaire-30C.png\" \/>\n\t<meta property=\"og:image:width\" content=\"923\" \/>\n\t<meta property=\"og:image:height\" content=\"1000\" \/>\n<meta name=\"twitter:card\" content=\"summary_large_image\" \/>\n<meta name=\"twitter:label1\" content=\"Estimation du temps de lecture\" \/>\n\t<meta name=\"twitter:data1\" content=\"1 minute\" \/>\n<script type=\"application\/ld+json\" class=\"yoast-schema-graph\">{\"@context\":\"https:\/\/schema.org\",\"@graph\":[{\"@type\":\"WebSite\",\"@id\":\"https:\/\/ntswireless.ca\/boutique\/#website\",\"url\":\"https:\/\/ntswireless.ca\/boutique\/\",\"name\":\"Boutique NTS\",\"description\":\"Bienvenue sur notre boutique en ligne !\",\"potentialAction\":[{\"@type\":\"SearchAction\",\"target\":{\"@type\":\"EntryPoint\",\"urlTemplate\":\"https:\/\/ntswireless.ca\/boutique\/?s={search_term_string}\"},\"query-input\":\"required name=search_term_string\"}],\"inLanguage\":\"fr-CA\"},{\"@type\":\"ImageObject\",\"@id\":\"https:\/\/ntswireless.ca\/boutique\/product\/plan-latitude-30c-geolocalisation-cellulaire\/#primaryimage\",\"inLanguage\":\"fr-CA\",\"url\":\"https:\/\/ntswireless.ca\/boutique\/wp-content\/uploads\/2020\/08\/Latitude-cellulaire-30C.png\",\"contentUrl\":\"https:\/\/ntswireless.ca\/boutique\/wp-content\/uploads\/2020\/08\/Latitude-cellulaire-30C.png\",\"width\":923,\"height\":1000},{\"@type\":\"WebPage\",\"@id\":\"https:\/\/ntswireless.ca\/boutique\/product\/plan-latitude-30c-geolocalisation-cellulaire\/#webpage\",\"url\":\"https:\/\/ntswireless.ca\/boutique\/product\/plan-latitude-30c-geolocalisation-cellulaire\/\",\"name\":\"Plan Latitude 30C \\u2022 G\\u00e9olocalisation cellulaire - Boutique NTS\",\"isPartOf\":{\"@id\":\"https:\/\/ntswireless.ca\/boutique\/#website\"},\"primaryImageOfPage\":{\"@id\":\"https:\/\/ntswireless.ca\/boutique\/product\/plan-latitude-30c-geolocalisation-cellulaire\/#primaryimage\"},\"datePublished\":\"2020-08-24T18:02:14+00:00\",\"dateModified\":\"2021-05-05T21:04:23+00:00\",\"breadcrumb\":{\"@id\":\"https:\/\/ntswireless.ca\/boutique\/product\/plan-latitude-30c-geolocalisation-cellulaire\/#breadcrumb\"},\"inLanguage\":\"fr-CA\",\"potentialAction\":[{\"@type\":\"ReadAction\",\"target\":[\"https:\/\/ntswireless.ca\/boutique\/product\/plan-latitude-30c-geolocalisation-cellulaire\/\"]}]},{\"@type\":\"BreadcrumbList\",\"@id\":\"https:\/\/ntswireless.ca\/boutique\/product\/plan-latitude-30c-geolocalisation-cellulaire\/#breadcrumb\",\"itemListElement\":[{\"@type\":\"ListItem\",\"position\":1,\"name\":\"Home\",\"item\":\"https:\/\/ntswireless.ca\/boutique\/\"},{\"@type\":\"ListItem\",\"position\":2,\"name\":\"Magasiner\",\"item\":\"https:\/\/ntswireless.ca\/boutique\/magasiner\/\"},{\"@type\":\"ListItem\",\"position\":3,\"name\":\"Plan Latitude 30C \\u2022 G\\u00e9olocalisation cellulaire\"}]}]}<\/script>\n<!-- \/ Yoast SEO plugin. -->","yoast_head_json":{"title":"Plan Latitude 30C \u2022 G\u00e9olocalisation cellulaire - Boutique NTS","robots":{"index":"noindex","follow":"follow","max-snippet":"max-snippet:-1","max-image-preview":"max-image-preview:large","max-video-preview":"max-video-preview:-1"},"og_locale":"fr_CA","og_type":"article","og_title":"Plan Latitude 30C \u2022 G\u00e9olocalisation cellulaire - Boutique NTS","og_description":"Vous voil\u00e0 presque pr\u00eat \u00e0 utiliser votre appareil ! &nbsp;","og_url":"https:\/\/ntswireless.ca\/boutique\/product\/plan-latitude-30c-geolocalisation-cellulaire\/","og_site_name":"Boutique NTS","article_modified_time":"2021-05-05T21:04:23+00:00","og_image":[{"width":923,"height":1000,"url":"https:\/\/ntswireless.ca\/boutique\/wp-content\/uploads\/2020\/08\/Latitude-cellulaire-30C.png","path":"\/home\/ntswirel\/public_html\/boutique\/wp-content\/uploads\/2020\/08\/Latitude-cellulaire-30C.png","size":"full","id":7971,"alt":"","pixels":923000,"type":"image\/png"}],"twitter_card":"summary_large_image","twitter_misc":{"Estimation du temps de lecture":"1 minute"},"schema":{"@context":"https:\/\/schema.org","@graph":[{"@type":"WebSite","@id":"https:\/\/ntswireless.ca\/boutique\/#website","url":"https:\/\/ntswireless.ca\/boutique\/","name":"Boutique NTS","description":"Bienvenue sur notre boutique en ligne !","potentialAction":[{"@type":"SearchAction","target":{"@type":"EntryPoint","urlTemplate":"https:\/\/ntswireless.ca\/boutique\/?s={search_term_string}"},"query-input":"required name=search_term_string"}],"inLanguage":"fr-CA"},{"@type":"ImageObject","@id":"https:\/\/ntswireless.ca\/boutique\/product\/plan-latitude-30c-geolocalisation-cellulaire\/#primaryimage","inLanguage":"fr-CA","url":"https:\/\/ntswireless.ca\/boutique\/wp-content\/uploads\/2020\/08\/Latitude-cellulaire-30C.png","contentUrl":"https:\/\/ntswireless.ca\/boutique\/wp-content\/uploads\/2020\/08\/Latitude-cellulaire-30C.png","width":923,"height":1000},{"@type":"WebPage","@id":"https:\/\/ntswireless.ca\/boutique\/product\/plan-latitude-30c-geolocalisation-cellulaire\/#webpage","url":"https:\/\/ntswireless.ca\/boutique\/product\/plan-latitude-30c-geolocalisation-cellulaire\/","name":"Plan Latitude 30C \u2022 G\u00e9olocalisation cellulaire - Boutique NTS","isPartOf":{"@id":"https:\/\/ntswireless.ca\/boutique\/#website"},"primaryImageOfPage":{"@id":"https:\/\/ntswireless.ca\/boutique\/product\/plan-latitude-30c-geolocalisation-cellulaire\/#primaryimage"},"datePublished":"2020-08-24T18:02:14+00:00","dateModified":"2021-05-05T21:04:23+00:00","breadcrumb":{"@id":"https:\/\/ntswireless.ca\/boutique\/product\/plan-latitude-30c-geolocalisation-cellulaire\/#breadcrumb"},"inLanguage":"fr-CA","potentialAction":[{"@type":"ReadAction","target":["https:\/\/ntswireless.ca\/boutique\/product\/plan-latitude-30c-geolocalisation-cellulaire\/"]}]},{"@type":"BreadcrumbList","@id":"https:\/\/ntswireless.ca\/boutique\/product\/plan-latitude-30c-geolocalisation-cellulaire\/#breadcrumb","itemListElement":[{"@type":"ListItem","position":1,"name":"Home","item":"https:\/\/ntswireless.ca\/boutique\/"},{"@type":"ListItem","position":2,"name":"Magasiner","item":"https:\/\/ntswireless.ca\/boutique\/magasiner\/"},{"@type":"ListItem","position":3,"name":"Plan Latitude 30C \u2022 G\u00e9olocalisation cellulaire"}]}]}},"_links":{"self":[{"href":"https:\/\/ntswireless.ca\/boutique\/wp-json\/wp\/v2\/product\/7972","targetHints":{"allow":["GET"]}}],"collection":[{"href":"https:\/\/ntswireless.ca\/boutique\/wp-json\/wp\/v2\/product"}],"about":[{"href":"https:\/\/ntswireless.ca\/boutique\/wp-json\/wp\/v2\/types\/product"}],"replies":[{"embeddable":true,"href":"https:\/\/ntswireless.ca\/boutique\/wp-json\/wp\/v2\/comments?post=7972"}],"wp:featuredmedia":[{"embeddable":true,"href":"https:\/\/ntswireless.ca\/boutique\/wp-json\/wp\/v2\/media\/7971"}],"wp:attachment":[{"href":"https:\/\/ntswireless.ca\/boutique\/wp-json\/wp\/v2\/media?parent=7972"}],"wp:term":[{"taxonomy":"product_cat","embeddable":true,"href":"https:\/\/ntswireless.ca\/boutique\/wp-json\/wp\/v2\/product_cat?post=7972"},{"taxonomy":"product_tag","embeddable":true,"href":"https:\/\/ntswireless.ca\/boutique\/wp-json\/wp\/v2\/product_tag?post=7972"}],"curies":[{"name":"wp","href":"https:\/\/api.w.org\/{rel}","templated":true}]}}