{"id":7979,"date":"2020-08-24T16:11:05","date_gmt":"2020-08-24T20:11:05","guid":{"rendered":"https:\/\/ntswireless.ca\/boutique\/?post_type=product&#038;p=7979"},"modified":"2020-08-28T15:16:27","modified_gmt":"2020-08-28T19:16:27","slug":"plan-longitude-12s-geolocalisation-satellite-illimitee","status":"publish","type":"product","link":"https:\/\/ntswireless.ca\/boutique\/product\/plan-longitude-12s-geolocalisation-satellite-illimitee\/","title":{"rendered":"Plan Longitude 12S \u2022 G\u00e9olocalisation satellite annuelle illimit\u00e9e"},"content":{"rendered":"<h2>Plan Longitude 12S<\/h2>\n<h3>Forfait annuel de G\u00e9olocalisation \u2022 Transmission satellite illimit\u00e9<\/h3>\n<p>Le forfait Longitude 12S vous offre l&rsquo;acc\u00e8s au service satellite, le service de transmission de donn\u00e9es satellite illimit\u00e9s, l&rsquo;acc\u00e8s \u00e0 l&rsquo;interface de g\u00e9olocalisation pour une p\u00e9riode de 12 mois.<\/p>\n<p>Le service est renouvelable automatiquement \u00e0 la fin de la p\u00e9riode de 12 mois.<\/p>\n<h3>Activer votre appareil satellite si ce n&rsquo;est pas d\u00e9j\u00e0 !<\/h3>\n<ul>\n<li>Afin d&rsquo;adh\u00e9rer au forfait Longitude 12S votre appareil doit \u00eatre activ\u00e9 en premier lieu.<\/li>\n<\/ul>\n<h3><strong>Commander facilement en 4 \u00e9tapes !<\/strong><\/h3>\n<ol>\n<li>Activer votre appareil satellite si ce n&rsquo;est pas d\u00e9j\u00e0 fait.<\/li>\n<li>S\u00e9lectionner le forfait de transmissions de donn\u00e9es satellite d\u00e9sir\u00e9.<\/li>\n<li>Proc\u00e9der \u00e0 votre commande.<\/li>\n<li>Vous recevrez un courriel de confirmation d&rsquo;activation de votre service satellite.<\/li>\n<\/ol>\n<h3>Voil\u00e0 vous \u00eates pr\u00eat !<\/h3>\n","protected":false},"excerpt":{"rendered":"<h4>Vous voil\u00e0 presque pr\u00eat \u00e0 utiliser votre appareil !<\/h4>\n<p>&nbsp;<\/p>\n","protected":false},"featured_media":7980,"comment_status":"open","ping_status":"closed","template":"","meta":[],"product_cat":[58],"product_tag":[99,100,103,102,104],"class_list":{"0":"post-7979","1":"product","2":"type-product","3":"status-publish","4":"has-post-thumbnail","6":"product_cat-geolocalisation-satellite","7":"product_tag-geolocalisation-automobile","8":"product_tag-geolocalisation-camion","9":"product_tag-geolocalisation-equipement","10":"product_tag-geolocalisation-remorques","11":"product_tag-geolocalisation-vehicule-recreatif","14":"first","15":"instock","16":"featured","17":"virtual","18":"taxable","19":"purchasable","20":"product-type-simple"},"yoast_head":"<!-- This site is optimized with the Yoast SEO plugin v16.7 - https:\/\/yoast.com\/wordpress\/plugins\/seo\/ -->\n<title>Plan Longitude 12S \u2022 G\u00e9olocalisation satellite annuelle illimit\u00e9e - Boutique NTS<\/title>\n<meta name=\"robots\" content=\"noindex, follow, max-snippet:-1, max-image-preview:large, max-video-preview:-1\" \/>\n<meta property=\"og:locale\" content=\"fr_CA\" \/>\n<meta property=\"og:type\" content=\"article\" \/>\n<meta property=\"og:title\" content=\"Plan Longitude 12S \u2022 G\u00e9olocalisation satellite annuelle illimit\u00e9e - Boutique NTS\" \/>\n<meta property=\"og:description\" content=\"Vous voil\u00e0 presque pr\u00eat \u00e0 utiliser votre appareil ! &nbsp;\" \/>\n<meta property=\"og:url\" content=\"https:\/\/ntswireless.ca\/boutique\/product\/plan-longitude-12s-geolocalisation-satellite-illimitee\/\" \/>\n<meta property=\"og:site_name\" content=\"Boutique NTS\" \/>\n<meta property=\"article:modified_time\" content=\"2020-08-28T19:16:27+00:00\" \/>\n<meta property=\"og:image\" content=\"https:\/\/ntswireless.ca\/boutique\/wp-content\/uploads\/2020\/08\/longitude-satellite-12S.png\" \/>\n\t<meta property=\"og:image:width\" content=\"923\" \/>\n\t<meta property=\"og:image:height\" content=\"1000\" \/>\n<meta name=\"twitter:card\" content=\"summary_large_image\" \/>\n<meta name=\"twitter:label1\" content=\"Estimation du temps de lecture\" \/>\n\t<meta name=\"twitter:data1\" content=\"1 minute\" \/>\n<script type=\"application\/ld+json\" class=\"yoast-schema-graph\">{\"@context\":\"https:\/\/schema.org\",\"@graph\":[{\"@type\":\"WebSite\",\"@id\":\"https:\/\/ntswireless.ca\/boutique\/#website\",\"url\":\"https:\/\/ntswireless.ca\/boutique\/\",\"name\":\"Boutique NTS\",\"description\":\"Bienvenue sur notre boutique en ligne !\",\"potentialAction\":[{\"@type\":\"SearchAction\",\"target\":{\"@type\":\"EntryPoint\",\"urlTemplate\":\"https:\/\/ntswireless.ca\/boutique\/?s={search_term_string}\"},\"query-input\":\"required name=search_term_string\"}],\"inLanguage\":\"fr-CA\"},{\"@type\":\"ImageObject\",\"@id\":\"https:\/\/ntswireless.ca\/boutique\/product\/plan-longitude-12s-geolocalisation-satellite-illimitee\/#primaryimage\",\"inLanguage\":\"fr-CA\",\"url\":\"https:\/\/ntswireless.ca\/boutique\/wp-content\/uploads\/2020\/08\/longitude-satellite-12S.png\",\"contentUrl\":\"https:\/\/ntswireless.ca\/boutique\/wp-content\/uploads\/2020\/08\/longitude-satellite-12S.png\",\"width\":923,\"height\":1000},{\"@type\":\"WebPage\",\"@id\":\"https:\/\/ntswireless.ca\/boutique\/product\/plan-longitude-12s-geolocalisation-satellite-illimitee\/#webpage\",\"url\":\"https:\/\/ntswireless.ca\/boutique\/product\/plan-longitude-12s-geolocalisation-satellite-illimitee\/\",\"name\":\"Plan Longitude 12S \\u2022 G\\u00e9olocalisation satellite annuelle illimit\\u00e9e - Boutique NTS\",\"isPartOf\":{\"@id\":\"https:\/\/ntswireless.ca\/boutique\/#website\"},\"primaryImageOfPage\":{\"@id\":\"https:\/\/ntswireless.ca\/boutique\/product\/plan-longitude-12s-geolocalisation-satellite-illimitee\/#primaryimage\"},\"datePublished\":\"2020-08-24T20:11:05+00:00\",\"dateModified\":\"2020-08-28T19:16:27+00:00\",\"breadcrumb\":{\"@id\":\"https:\/\/ntswireless.ca\/boutique\/product\/plan-longitude-12s-geolocalisation-satellite-illimitee\/#breadcrumb\"},\"inLanguage\":\"fr-CA\",\"potentialAction\":[{\"@type\":\"ReadAction\",\"target\":[\"https:\/\/ntswireless.ca\/boutique\/product\/plan-longitude-12s-geolocalisation-satellite-illimitee\/\"]}]},{\"@type\":\"BreadcrumbList\",\"@id\":\"https:\/\/ntswireless.ca\/boutique\/product\/plan-longitude-12s-geolocalisation-satellite-illimitee\/#breadcrumb\",\"itemListElement\":[{\"@type\":\"ListItem\",\"position\":1,\"name\":\"Home\",\"item\":\"https:\/\/ntswireless.ca\/boutique\/\"},{\"@type\":\"ListItem\",\"position\":2,\"name\":\"Magasiner\",\"item\":\"https:\/\/ntswireless.ca\/boutique\/magasiner\/\"},{\"@type\":\"ListItem\",\"position\":3,\"name\":\"Plan Longitude 12S \\u2022 G\\u00e9olocalisation satellite annuelle illimit\\u00e9e\"}]}]}<\/script>\n<!-- \/ Yoast SEO plugin. -->","yoast_head_json":{"title":"Plan Longitude 12S \u2022 G\u00e9olocalisation satellite annuelle illimit\u00e9e - Boutique NTS","robots":{"index":"noindex","follow":"follow","max-snippet":"max-snippet:-1","max-image-preview":"max-image-preview:large","max-video-preview":"max-video-preview:-1"},"og_locale":"fr_CA","og_type":"article","og_title":"Plan Longitude 12S \u2022 G\u00e9olocalisation satellite annuelle illimit\u00e9e - Boutique NTS","og_description":"Vous voil\u00e0 presque pr\u00eat \u00e0 utiliser votre appareil ! &nbsp;","og_url":"https:\/\/ntswireless.ca\/boutique\/product\/plan-longitude-12s-geolocalisation-satellite-illimitee\/","og_site_name":"Boutique NTS","article_modified_time":"2020-08-28T19:16:27+00:00","og_image":[{"width":923,"height":1000,"url":"https:\/\/ntswireless.ca\/boutique\/wp-content\/uploads\/2020\/08\/longitude-satellite-12S.png","path":"\/home\/ntswirel\/public_html\/boutique\/wp-content\/uploads\/2020\/08\/longitude-satellite-12S.png","size":"full","id":7980,"alt":"","pixels":923000,"type":"image\/png"}],"twitter_card":"summary_large_image","twitter_misc":{"Estimation du temps de lecture":"1 minute"},"schema":{"@context":"https:\/\/schema.org","@graph":[{"@type":"WebSite","@id":"https:\/\/ntswireless.ca\/boutique\/#website","url":"https:\/\/ntswireless.ca\/boutique\/","name":"Boutique NTS","description":"Bienvenue sur notre boutique en ligne !","potentialAction":[{"@type":"SearchAction","target":{"@type":"EntryPoint","urlTemplate":"https:\/\/ntswireless.ca\/boutique\/?s={search_term_string}"},"query-input":"required name=search_term_string"}],"inLanguage":"fr-CA"},{"@type":"ImageObject","@id":"https:\/\/ntswireless.ca\/boutique\/product\/plan-longitude-12s-geolocalisation-satellite-illimitee\/#primaryimage","inLanguage":"fr-CA","url":"https:\/\/ntswireless.ca\/boutique\/wp-content\/uploads\/2020\/08\/longitude-satellite-12S.png","contentUrl":"https:\/\/ntswireless.ca\/boutique\/wp-content\/uploads\/2020\/08\/longitude-satellite-12S.png","width":923,"height":1000},{"@type":"WebPage","@id":"https:\/\/ntswireless.ca\/boutique\/product\/plan-longitude-12s-geolocalisation-satellite-illimitee\/#webpage","url":"https:\/\/ntswireless.ca\/boutique\/product\/plan-longitude-12s-geolocalisation-satellite-illimitee\/","name":"Plan Longitude 12S \u2022 G\u00e9olocalisation satellite annuelle illimit\u00e9e - Boutique NTS","isPartOf":{"@id":"https:\/\/ntswireless.ca\/boutique\/#website"},"primaryImageOfPage":{"@id":"https:\/\/ntswireless.ca\/boutique\/product\/plan-longitude-12s-geolocalisation-satellite-illimitee\/#primaryimage"},"datePublished":"2020-08-24T20:11:05+00:00","dateModified":"2020-08-28T19:16:27+00:00","breadcrumb":{"@id":"https:\/\/ntswireless.ca\/boutique\/product\/plan-longitude-12s-geolocalisation-satellite-illimitee\/#breadcrumb"},"inLanguage":"fr-CA","potentialAction":[{"@type":"ReadAction","target":["https:\/\/ntswireless.ca\/boutique\/product\/plan-longitude-12s-geolocalisation-satellite-illimitee\/"]}]},{"@type":"BreadcrumbList","@id":"https:\/\/ntswireless.ca\/boutique\/product\/plan-longitude-12s-geolocalisation-satellite-illimitee\/#breadcrumb","itemListElement":[{"@type":"ListItem","position":1,"name":"Home","item":"https:\/\/ntswireless.ca\/boutique\/"},{"@type":"ListItem","position":2,"name":"Magasiner","item":"https:\/\/ntswireless.ca\/boutique\/magasiner\/"},{"@type":"ListItem","position":3,"name":"Plan Longitude 12S \u2022 G\u00e9olocalisation satellite annuelle illimit\u00e9e"}]}]}},"_links":{"self":[{"href":"https:\/\/ntswireless.ca\/boutique\/wp-json\/wp\/v2\/product\/7979","targetHints":{"allow":["GET"]}}],"collection":[{"href":"https:\/\/ntswireless.ca\/boutique\/wp-json\/wp\/v2\/product"}],"about":[{"href":"https:\/\/ntswireless.ca\/boutique\/wp-json\/wp\/v2\/types\/product"}],"replies":[{"embeddable":true,"href":"https:\/\/ntswireless.ca\/boutique\/wp-json\/wp\/v2\/comments?post=7979"}],"wp:featuredmedia":[{"embeddable":true,"href":"https:\/\/ntswireless.ca\/boutique\/wp-json\/wp\/v2\/media\/7980"}],"wp:attachment":[{"href":"https:\/\/ntswireless.ca\/boutique\/wp-json\/wp\/v2\/media?parent=7979"}],"wp:term":[{"taxonomy":"product_cat","embeddable":true,"href":"https:\/\/ntswireless.ca\/boutique\/wp-json\/wp\/v2\/product_cat?post=7979"},{"taxonomy":"product_tag","embeddable":true,"href":"https:\/\/ntswireless.ca\/boutique\/wp-json\/wp\/v2\/product_tag?post=7979"}],"curies":[{"name":"wp","href":"https:\/\/api.w.org\/{rel}","templated":true}]}}