{"id":7999,"date":"2020-08-27T12:12:22","date_gmt":"2020-08-27T16:12:22","guid":{"rendered":"https:\/\/ntswireless.ca\/boutique\/?post_type=product&#038;p=7999"},"modified":"2021-04-21T15:27:07","modified_gmt":"2021-04-21T19:27:07","slug":"geolocalisation-cellulaire-personne-egp30","status":"publish","type":"product","link":"https:\/\/ntswireless.ca\/boutique\/product\/geolocalisation-cellulaire-personne-egp30\/","title":{"rendered":"G\u00e9olocalisation de personne \u00b7 EGP30"},"content":{"rendered":"<h4><\/h4>\n<h3>G\u00e9olocalisation \u00b7 S\u00e9curit\u00e9 \u00b7 Pr\u00e9vention \u00b7 Covid-19<\/h3>\n<h3>Le boitier de g\u00e9olocalisation EGP30 est la solution id\u00e9ale afin de prot\u00e9ger vos proches et vos travailleurs isol\u00e9s, son bouton d&rsquo;urgence permet de transmettre un message texte et courriel aux personnes de votre choix si il y a une urgence, de recevoir une notification lors que la personne tombe, une alerte lors de d\u00e9placement \u00e0 l&rsquo;ext\u00e9rieur des zones autoris\u00e9s, suivre la progression du d\u00e9placement, revoir les trajets effectu\u00e9s et retracer les personnes qui ont \u00e9t\u00e9 en contact avec d&rsquo;autres personnes\u00a0 potentiellement porteur de la Covid-19.<\/h3>\n<p>Le boitier EGP30 vous propose une solution compl\u00e8te de suivi personnel afin de vous offrir une s\u00e9curit\u00e9 de haut niveau !<\/p>\n<p>Ce syst\u00e8me complet vous offre la toute derni\u00e8re technologie des syst\u00e8mes de t\u00e9l\u00e9m\u00e9trie sur r\u00e9seau cellulaire 4G-LTE.<\/p>\n<p><strong>Toujours con\u00e7u avec une approche EasyGo qui vous propose une utilisation ultra simple et efficace.<\/strong><\/p>\n<ul>\n<li><strong>Pr\u00e9vention et s\u00e9curit\u00e9 \u2714\ufe0f<\/strong><\/li>\n<li><strong>D\u00e9tection de chutes\u2714\ufe0f<\/strong><\/li>\n<li><strong>Notification d&rsquo;urgence<b>\u2714\ufe0f<\/b><\/strong><\/li>\n<li><strong>Alerte de mouvement hors zones\u2714\ufe0f<\/strong><\/li>\n<li><strong>Enregistrement des d\u00e9placements\u2714\ufe0f<\/strong><\/li>\n<li><strong>Prot\u00e9ger vos proches\u2714\ufe0f<\/strong><\/li>\n<li><strong>Prot\u00e9ger vos travailleurs isol\u00e9s\u2714\ufe0f<\/strong><\/li>\n<li><strong>Satisfaction clients\u2714\ufe0f<\/strong><\/li>\n<\/ul>\n<h3><strong>Commander facilement en 4 \u00e9tapes !<\/strong><\/h3>\n<ol>\n<li>S\u00e9lectionner votre produit de t\u00e9l\u00e9m\u00e9trie.<\/li>\n<li>S\u00e9lectionner le forfait de transmissions de donn\u00e9es cellulaires d\u00e9sir\u00e9. (Aucun contrat n\u00e9cessaire, forfait minimum de 30 jours)<\/li>\n<li>Proc\u00e9der \u00e0 votre commande et recevrez vos produits par colis incluant le guide d&rsquo;installation simplifi\u00e9.<\/li>\n<li>Vous recevrez un courriel de bienvenue afin de finaliser la cr\u00e9ation de votre compte de g\u00e9olocalisation en ligne.<\/li>\n<\/ol>\n<h3>Voil\u00e0 vous \u00eates pr\u00eat !<\/h3>\n","protected":false},"excerpt":{"rendered":"<h3>Le boitier de g\u00e9olocalisation personnel EGP30 est la solution id\u00e9ale afin de prot\u00e9ger vos proches et vos travailleurs isol\u00e9s<br \/>\net leur procurer une s\u00e9curit\u00e9 suppl\u00e9mentaire en tout temps.<\/h3>\n","protected":false},"featured_media":7998,"comment_status":"open","ping_status":"closed","template":"","meta":[],"product_cat":[52,79],"product_tag":[],"class_list":{"0":"post-7999","1":"product","2":"type-product","3":"status-publish","4":"has-post-thumbnail","6":"product_brand-easygo","7":"product_cat-geolocalisation-de-personnes","8":"product_cat-geolocalisation-travailleur","11":"first","12":"instock","13":"sale","14":"featured","15":"taxable","16":"shipping-taxable","17":"purchasable","18":"product-type-simple"},"yoast_head":"<!-- This site is optimized with the Yoast SEO plugin v16.7 - https:\/\/yoast.com\/wordpress\/plugins\/seo\/ -->\n<title>G\u00e9olocalisation de personne \u00b7 EGP30 - Boutique NTS<\/title>\n<meta name=\"robots\" content=\"noindex, follow, max-snippet:-1, max-image-preview:large, max-video-preview:-1\" \/>\n<meta property=\"og:locale\" content=\"fr_CA\" \/>\n<meta property=\"og:type\" content=\"article\" \/>\n<meta property=\"og:title\" content=\"G\u00e9olocalisation de personne \u00b7 EGP30 - Boutique NTS\" \/>\n<meta property=\"og:description\" content=\"Le boitier de g\u00e9olocalisation personnel EGP30 est la solution id\u00e9ale afin de prot\u00e9ger vos proches et vos travailleurs isol\u00e9s et leur procurer une s\u00e9curit\u00e9 suppl\u00e9mentaire en tout temps.\" \/>\n<meta property=\"og:url\" content=\"https:\/\/ntswireless.ca\/boutique\/product\/geolocalisation-cellulaire-personne-egp30\/\" \/>\n<meta property=\"og:site_name\" content=\"Boutique NTS\" \/>\n<meta property=\"article:modified_time\" content=\"2021-04-21T19:27:07+00:00\" \/>\n<meta property=\"og:image\" content=\"https:\/\/ntswireless.ca\/boutique\/wp-content\/uploads\/2020\/08\/EGP30.png\" \/>\n\t<meta property=\"og:image:width\" content=\"923\" \/>\n\t<meta property=\"og:image:height\" content=\"1000\" \/>\n<meta name=\"twitter:card\" content=\"summary_large_image\" \/>\n<meta name=\"twitter:label1\" content=\"Estimation du temps de lecture\" \/>\n\t<meta name=\"twitter:data1\" content=\"1 minute\" \/>\n<script type=\"application\/ld+json\" class=\"yoast-schema-graph\">{\"@context\":\"https:\/\/schema.org\",\"@graph\":[{\"@type\":\"WebSite\",\"@id\":\"https:\/\/ntswireless.ca\/boutique\/#website\",\"url\":\"https:\/\/ntswireless.ca\/boutique\/\",\"name\":\"Boutique NTS\",\"description\":\"Bienvenue sur notre boutique en ligne !\",\"potentialAction\":[{\"@type\":\"SearchAction\",\"target\":{\"@type\":\"EntryPoint\",\"urlTemplate\":\"https:\/\/ntswireless.ca\/boutique\/?s={search_term_string}\"},\"query-input\":\"required name=search_term_string\"}],\"inLanguage\":\"fr-CA\"},{\"@type\":\"ImageObject\",\"@id\":\"https:\/\/ntswireless.ca\/boutique\/product\/geolocalisation-cellulaire-personne-egp30\/#primaryimage\",\"inLanguage\":\"fr-CA\",\"url\":\"https:\/\/ntswireless.ca\/boutique\/wp-content\/uploads\/2020\/08\/EGP30.png\",\"contentUrl\":\"https:\/\/ntswireless.ca\/boutique\/wp-content\/uploads\/2020\/08\/EGP30.png\",\"width\":923,\"height\":1000},{\"@type\":\"WebPage\",\"@id\":\"https:\/\/ntswireless.ca\/boutique\/product\/geolocalisation-cellulaire-personne-egp30\/#webpage\",\"url\":\"https:\/\/ntswireless.ca\/boutique\/product\/geolocalisation-cellulaire-personne-egp30\/\",\"name\":\"G\\u00e9olocalisation de personne \\u00b7 EGP30 - Boutique NTS\",\"isPartOf\":{\"@id\":\"https:\/\/ntswireless.ca\/boutique\/#website\"},\"primaryImageOfPage\":{\"@id\":\"https:\/\/ntswireless.ca\/boutique\/product\/geolocalisation-cellulaire-personne-egp30\/#primaryimage\"},\"datePublished\":\"2020-08-27T16:12:22+00:00\",\"dateModified\":\"2021-04-21T19:27:07+00:00\",\"breadcrumb\":{\"@id\":\"https:\/\/ntswireless.ca\/boutique\/product\/geolocalisation-cellulaire-personne-egp30\/#breadcrumb\"},\"inLanguage\":\"fr-CA\",\"potentialAction\":[{\"@type\":\"ReadAction\",\"target\":[\"https:\/\/ntswireless.ca\/boutique\/product\/geolocalisation-cellulaire-personne-egp30\/\"]}]},{\"@type\":\"BreadcrumbList\",\"@id\":\"https:\/\/ntswireless.ca\/boutique\/product\/geolocalisation-cellulaire-personne-egp30\/#breadcrumb\",\"itemListElement\":[{\"@type\":\"ListItem\",\"position\":1,\"name\":\"Home\",\"item\":\"https:\/\/ntswireless.ca\/boutique\/\"},{\"@type\":\"ListItem\",\"position\":2,\"name\":\"Magasiner\",\"item\":\"https:\/\/ntswireless.ca\/boutique\/magasiner\/\"},{\"@type\":\"ListItem\",\"position\":3,\"name\":\"G\\u00e9olocalisation de personne \\u00b7 EGP30\"}]}]}<\/script>\n<!-- \/ Yoast SEO plugin. -->","yoast_head_json":{"title":"G\u00e9olocalisation de personne \u00b7 EGP30 - Boutique NTS","robots":{"index":"noindex","follow":"follow","max-snippet":"max-snippet:-1","max-image-preview":"max-image-preview:large","max-video-preview":"max-video-preview:-1"},"og_locale":"fr_CA","og_type":"article","og_title":"G\u00e9olocalisation de personne \u00b7 EGP30 - Boutique NTS","og_description":"Le boitier de g\u00e9olocalisation personnel EGP30 est la solution id\u00e9ale afin de prot\u00e9ger vos proches et vos travailleurs isol\u00e9s et leur procurer une s\u00e9curit\u00e9 suppl\u00e9mentaire en tout temps.","og_url":"https:\/\/ntswireless.ca\/boutique\/product\/geolocalisation-cellulaire-personne-egp30\/","og_site_name":"Boutique NTS","article_modified_time":"2021-04-21T19:27:07+00:00","og_image":[{"width":923,"height":1000,"url":"https:\/\/ntswireless.ca\/boutique\/wp-content\/uploads\/2020\/08\/EGP30.png","path":"\/home\/ntswirel\/public_html\/boutique\/wp-content\/uploads\/2020\/08\/EGP30.png","size":"full","id":7998,"alt":"","pixels":923000,"type":"image\/png"}],"twitter_card":"summary_large_image","twitter_misc":{"Estimation du temps de lecture":"1 minute"},"schema":{"@context":"https:\/\/schema.org","@graph":[{"@type":"WebSite","@id":"https:\/\/ntswireless.ca\/boutique\/#website","url":"https:\/\/ntswireless.ca\/boutique\/","name":"Boutique NTS","description":"Bienvenue sur notre boutique en ligne !","potentialAction":[{"@type":"SearchAction","target":{"@type":"EntryPoint","urlTemplate":"https:\/\/ntswireless.ca\/boutique\/?s={search_term_string}"},"query-input":"required name=search_term_string"}],"inLanguage":"fr-CA"},{"@type":"ImageObject","@id":"https:\/\/ntswireless.ca\/boutique\/product\/geolocalisation-cellulaire-personne-egp30\/#primaryimage","inLanguage":"fr-CA","url":"https:\/\/ntswireless.ca\/boutique\/wp-content\/uploads\/2020\/08\/EGP30.png","contentUrl":"https:\/\/ntswireless.ca\/boutique\/wp-content\/uploads\/2020\/08\/EGP30.png","width":923,"height":1000},{"@type":"WebPage","@id":"https:\/\/ntswireless.ca\/boutique\/product\/geolocalisation-cellulaire-personne-egp30\/#webpage","url":"https:\/\/ntswireless.ca\/boutique\/product\/geolocalisation-cellulaire-personne-egp30\/","name":"G\u00e9olocalisation de personne \u00b7 EGP30 - Boutique NTS","isPartOf":{"@id":"https:\/\/ntswireless.ca\/boutique\/#website"},"primaryImageOfPage":{"@id":"https:\/\/ntswireless.ca\/boutique\/product\/geolocalisation-cellulaire-personne-egp30\/#primaryimage"},"datePublished":"2020-08-27T16:12:22+00:00","dateModified":"2021-04-21T19:27:07+00:00","breadcrumb":{"@id":"https:\/\/ntswireless.ca\/boutique\/product\/geolocalisation-cellulaire-personne-egp30\/#breadcrumb"},"inLanguage":"fr-CA","potentialAction":[{"@type":"ReadAction","target":["https:\/\/ntswireless.ca\/boutique\/product\/geolocalisation-cellulaire-personne-egp30\/"]}]},{"@type":"BreadcrumbList","@id":"https:\/\/ntswireless.ca\/boutique\/product\/geolocalisation-cellulaire-personne-egp30\/#breadcrumb","itemListElement":[{"@type":"ListItem","position":1,"name":"Home","item":"https:\/\/ntswireless.ca\/boutique\/"},{"@type":"ListItem","position":2,"name":"Magasiner","item":"https:\/\/ntswireless.ca\/boutique\/magasiner\/"},{"@type":"ListItem","position":3,"name":"G\u00e9olocalisation de personne \u00b7 EGP30"}]}]}},"_links":{"self":[{"href":"https:\/\/ntswireless.ca\/boutique\/wp-json\/wp\/v2\/product\/7999","targetHints":{"allow":["GET"]}}],"collection":[{"href":"https:\/\/ntswireless.ca\/boutique\/wp-json\/wp\/v2\/product"}],"about":[{"href":"https:\/\/ntswireless.ca\/boutique\/wp-json\/wp\/v2\/types\/product"}],"replies":[{"embeddable":true,"href":"https:\/\/ntswireless.ca\/boutique\/wp-json\/wp\/v2\/comments?post=7999"}],"wp:featuredmedia":[{"embeddable":true,"href":"https:\/\/ntswireless.ca\/boutique\/wp-json\/wp\/v2\/media\/7998"}],"wp:attachment":[{"href":"https:\/\/ntswireless.ca\/boutique\/wp-json\/wp\/v2\/media?parent=7999"}],"wp:term":[{"taxonomy":"product_cat","embeddable":true,"href":"https:\/\/ntswireless.ca\/boutique\/wp-json\/wp\/v2\/product_cat?post=7999"},{"taxonomy":"product_tag","embeddable":true,"href":"https:\/\/ntswireless.ca\/boutique\/wp-json\/wp\/v2\/product_tag?post=7999"}],"curies":[{"name":"wp","href":"https:\/\/api.w.org\/{rel}","templated":true}]}}