{"id":8115,"date":"2020-11-30T11:35:02","date_gmt":"2020-11-30T15:35:02","guid":{"rendered":"https:\/\/ntswireless.ca\/boutique\/?post_type=product&#038;p=8115"},"modified":"2020-11-30T14:49:41","modified_gmt":"2020-11-30T18:49:41","slug":"forfait-latitude-geolocalisation-cellulaire-motoneige","status":"publish","type":"product","link":"https:\/\/ntswireless.ca\/boutique\/product\/forfait-latitude-geolocalisation-cellulaire-motoneige\/","title":{"rendered":"Forfait Latitude Motoneige \u2022 G\u00e9olocalisation Cellulaire Motoneige"},"content":{"rendered":"<h2>Forfait Latitude Motoneige<\/h2>\n<h3>1 mois de g\u00e9olocalisation pour motoneige<\/h3>\n<p>Le forfait Latitude Motoneige vous offre l&rsquo;acc\u00e8s \u00e0 l&rsquo;interface de g\u00e9olocalisation, le service de transmission de donn\u00e9es cellulaire jusqu&rsquo;\u00e0 5 Mo par mois pour une p\u00e9riode 1 mois, la sauvegarde des donn\u00e9es pour 1 mois.<\/p>\n<p>Le service est renouvelable automatiquement \u00e0 la fin de la p\u00e9riode de 1 mois<\/p>\n<h3>Activer votre appareil de g\u00e9olocalisation pour motoneige si ce n&rsquo;est pas d\u00e9j\u00e0 !<\/h3>\n<ul>\n<li>Afin d&rsquo;adh\u00e9rer au forfait Latitude Motoneige votre appareil doit \u00eatre activ\u00e9 en premier lieu<\/li>\n<\/ul>\n<h3><strong>Commander facilement en 4 \u00e9tapes !<\/strong><\/h3>\n<ol>\n<li>Activer votre appareil de g\u00e9olocalisation si ce n&rsquo;est pas d\u00e9j\u00e0 fait<\/li>\n<li>S\u00e9lectionner le forfait de g\u00e9olocalisation pour motoneige d\u00e9sir\u00e9<\/li>\n<li>Proc\u00e9der \u00e0 votre commande<\/li>\n<li>Vous recevrez un courriel de confirmation d&rsquo;activation de votre service de g\u00e9olocalisation<\/li>\n<\/ol>\n<h3>Voil\u00e0 vous \u00eates pr\u00eat !<\/h3>\n","protected":false},"excerpt":{"rendered":"<h4>Vous voil\u00e0 presque pr\u00eat \u00e0 utiliser votre appareil !<\/h4>\n<p>&nbsp;<\/p>\n","protected":false},"featured_media":8116,"comment_status":"open","ping_status":"closed","template":"","meta":[],"product_cat":[128],"product_tag":[],"class_list":{"0":"post-8115","1":"product","2":"type-product","3":"status-publish","4":"has-post-thumbnail","6":"product_cat-forfait-donnees-cellulaire-motoneige","9":"first","10":"instock","11":"featured","12":"virtual","13":"taxable","14":"purchasable","15":"product-type-simple"},"yoast_head":"<!-- This site is optimized with the Yoast SEO plugin v16.7 - https:\/\/yoast.com\/wordpress\/plugins\/seo\/ -->\n<title>Forfait Latitude Motoneige \u2022 G\u00e9olocalisation Cellulaire Motoneige - Boutique NTS<\/title>\n<meta name=\"robots\" content=\"noindex, follow, max-snippet:-1, max-image-preview:large, max-video-preview:-1\" \/>\n<meta property=\"og:locale\" content=\"fr_CA\" \/>\n<meta property=\"og:type\" content=\"article\" \/>\n<meta property=\"og:title\" content=\"Forfait Latitude Motoneige \u2022 G\u00e9olocalisation Cellulaire Motoneige - Boutique NTS\" \/>\n<meta property=\"og:description\" content=\"Vous voil\u00e0 presque pr\u00eat \u00e0 utiliser votre appareil ! &nbsp;\" \/>\n<meta property=\"og:url\" content=\"https:\/\/ntswireless.ca\/boutique\/product\/forfait-latitude-geolocalisation-cellulaire-motoneige\/\" \/>\n<meta property=\"og:site_name\" content=\"Boutique NTS\" \/>\n<meta property=\"article:modified_time\" content=\"2020-11-30T18:49:41+00:00\" \/>\n<meta property=\"og:image\" content=\"https:\/\/ntswireless.ca\/boutique\/wp-content\/uploads\/2020\/11\/Latitude-cellulaire-Motoneige.png\" \/>\n\t<meta property=\"og:image:width\" content=\"923\" \/>\n\t<meta property=\"og:image:height\" content=\"1000\" \/>\n<meta name=\"twitter:card\" content=\"summary_large_image\" \/>\n<meta name=\"twitter:label1\" content=\"Estimation du temps de lecture\" \/>\n\t<meta name=\"twitter:data1\" content=\"1 minute\" \/>\n<script type=\"application\/ld+json\" class=\"yoast-schema-graph\">{\"@context\":\"https:\/\/schema.org\",\"@graph\":[{\"@type\":\"WebSite\",\"@id\":\"https:\/\/ntswireless.ca\/boutique\/#website\",\"url\":\"https:\/\/ntswireless.ca\/boutique\/\",\"name\":\"Boutique NTS\",\"description\":\"Bienvenue sur notre boutique en ligne !\",\"potentialAction\":[{\"@type\":\"SearchAction\",\"target\":{\"@type\":\"EntryPoint\",\"urlTemplate\":\"https:\/\/ntswireless.ca\/boutique\/?s={search_term_string}\"},\"query-input\":\"required name=search_term_string\"}],\"inLanguage\":\"fr-CA\"},{\"@type\":\"ImageObject\",\"@id\":\"https:\/\/ntswireless.ca\/boutique\/product\/forfait-latitude-geolocalisation-cellulaire-motoneige\/#primaryimage\",\"inLanguage\":\"fr-CA\",\"url\":\"https:\/\/ntswireless.ca\/boutique\/wp-content\/uploads\/2020\/11\/Latitude-cellulaire-Motoneige.png\",\"contentUrl\":\"https:\/\/ntswireless.ca\/boutique\/wp-content\/uploads\/2020\/11\/Latitude-cellulaire-Motoneige.png\",\"width\":923,\"height\":1000},{\"@type\":\"WebPage\",\"@id\":\"https:\/\/ntswireless.ca\/boutique\/product\/forfait-latitude-geolocalisation-cellulaire-motoneige\/#webpage\",\"url\":\"https:\/\/ntswireless.ca\/boutique\/product\/forfait-latitude-geolocalisation-cellulaire-motoneige\/\",\"name\":\"Forfait Latitude Motoneige \\u2022 G\\u00e9olocalisation Cellulaire Motoneige - Boutique NTS\",\"isPartOf\":{\"@id\":\"https:\/\/ntswireless.ca\/boutique\/#website\"},\"primaryImageOfPage\":{\"@id\":\"https:\/\/ntswireless.ca\/boutique\/product\/forfait-latitude-geolocalisation-cellulaire-motoneige\/#primaryimage\"},\"datePublished\":\"2020-11-30T15:35:02+00:00\",\"dateModified\":\"2020-11-30T18:49:41+00:00\",\"breadcrumb\":{\"@id\":\"https:\/\/ntswireless.ca\/boutique\/product\/forfait-latitude-geolocalisation-cellulaire-motoneige\/#breadcrumb\"},\"inLanguage\":\"fr-CA\",\"potentialAction\":[{\"@type\":\"ReadAction\",\"target\":[\"https:\/\/ntswireless.ca\/boutique\/product\/forfait-latitude-geolocalisation-cellulaire-motoneige\/\"]}]},{\"@type\":\"BreadcrumbList\",\"@id\":\"https:\/\/ntswireless.ca\/boutique\/product\/forfait-latitude-geolocalisation-cellulaire-motoneige\/#breadcrumb\",\"itemListElement\":[{\"@type\":\"ListItem\",\"position\":1,\"name\":\"Home\",\"item\":\"https:\/\/ntswireless.ca\/boutique\/\"},{\"@type\":\"ListItem\",\"position\":2,\"name\":\"Magasiner\",\"item\":\"https:\/\/ntswireless.ca\/boutique\/magasiner\/\"},{\"@type\":\"ListItem\",\"position\":3,\"name\":\"Forfait Latitude Motoneige \\u2022 G\\u00e9olocalisation Cellulaire Motoneige\"}]}]}<\/script>\n<!-- \/ Yoast SEO plugin. -->","yoast_head_json":{"title":"Forfait Latitude Motoneige \u2022 G\u00e9olocalisation Cellulaire Motoneige - Boutique NTS","robots":{"index":"noindex","follow":"follow","max-snippet":"max-snippet:-1","max-image-preview":"max-image-preview:large","max-video-preview":"max-video-preview:-1"},"og_locale":"fr_CA","og_type":"article","og_title":"Forfait Latitude Motoneige \u2022 G\u00e9olocalisation Cellulaire Motoneige - Boutique NTS","og_description":"Vous voil\u00e0 presque pr\u00eat \u00e0 utiliser votre appareil ! &nbsp;","og_url":"https:\/\/ntswireless.ca\/boutique\/product\/forfait-latitude-geolocalisation-cellulaire-motoneige\/","og_site_name":"Boutique NTS","article_modified_time":"2020-11-30T18:49:41+00:00","og_image":[{"width":923,"height":1000,"url":"https:\/\/ntswireless.ca\/boutique\/wp-content\/uploads\/2020\/11\/Latitude-cellulaire-Motoneige.png","path":"\/home\/ntswirel\/public_html\/boutique\/wp-content\/uploads\/2020\/11\/Latitude-cellulaire-Motoneige.png","size":"full","id":8116,"alt":"","pixels":923000,"type":"image\/png"}],"twitter_card":"summary_large_image","twitter_misc":{"Estimation du temps de lecture":"1 minute"},"schema":{"@context":"https:\/\/schema.org","@graph":[{"@type":"WebSite","@id":"https:\/\/ntswireless.ca\/boutique\/#website","url":"https:\/\/ntswireless.ca\/boutique\/","name":"Boutique NTS","description":"Bienvenue sur notre boutique en ligne !","potentialAction":[{"@type":"SearchAction","target":{"@type":"EntryPoint","urlTemplate":"https:\/\/ntswireless.ca\/boutique\/?s={search_term_string}"},"query-input":"required name=search_term_string"}],"inLanguage":"fr-CA"},{"@type":"ImageObject","@id":"https:\/\/ntswireless.ca\/boutique\/product\/forfait-latitude-geolocalisation-cellulaire-motoneige\/#primaryimage","inLanguage":"fr-CA","url":"https:\/\/ntswireless.ca\/boutique\/wp-content\/uploads\/2020\/11\/Latitude-cellulaire-Motoneige.png","contentUrl":"https:\/\/ntswireless.ca\/boutique\/wp-content\/uploads\/2020\/11\/Latitude-cellulaire-Motoneige.png","width":923,"height":1000},{"@type":"WebPage","@id":"https:\/\/ntswireless.ca\/boutique\/product\/forfait-latitude-geolocalisation-cellulaire-motoneige\/#webpage","url":"https:\/\/ntswireless.ca\/boutique\/product\/forfait-latitude-geolocalisation-cellulaire-motoneige\/","name":"Forfait Latitude Motoneige \u2022 G\u00e9olocalisation Cellulaire Motoneige - Boutique NTS","isPartOf":{"@id":"https:\/\/ntswireless.ca\/boutique\/#website"},"primaryImageOfPage":{"@id":"https:\/\/ntswireless.ca\/boutique\/product\/forfait-latitude-geolocalisation-cellulaire-motoneige\/#primaryimage"},"datePublished":"2020-11-30T15:35:02+00:00","dateModified":"2020-11-30T18:49:41+00:00","breadcrumb":{"@id":"https:\/\/ntswireless.ca\/boutique\/product\/forfait-latitude-geolocalisation-cellulaire-motoneige\/#breadcrumb"},"inLanguage":"fr-CA","potentialAction":[{"@type":"ReadAction","target":["https:\/\/ntswireless.ca\/boutique\/product\/forfait-latitude-geolocalisation-cellulaire-motoneige\/"]}]},{"@type":"BreadcrumbList","@id":"https:\/\/ntswireless.ca\/boutique\/product\/forfait-latitude-geolocalisation-cellulaire-motoneige\/#breadcrumb","itemListElement":[{"@type":"ListItem","position":1,"name":"Home","item":"https:\/\/ntswireless.ca\/boutique\/"},{"@type":"ListItem","position":2,"name":"Magasiner","item":"https:\/\/ntswireless.ca\/boutique\/magasiner\/"},{"@type":"ListItem","position":3,"name":"Forfait Latitude Motoneige \u2022 G\u00e9olocalisation Cellulaire Motoneige"}]}]}},"_links":{"self":[{"href":"https:\/\/ntswireless.ca\/boutique\/wp-json\/wp\/v2\/product\/8115","targetHints":{"allow":["GET"]}}],"collection":[{"href":"https:\/\/ntswireless.ca\/boutique\/wp-json\/wp\/v2\/product"}],"about":[{"href":"https:\/\/ntswireless.ca\/boutique\/wp-json\/wp\/v2\/types\/product"}],"replies":[{"embeddable":true,"href":"https:\/\/ntswireless.ca\/boutique\/wp-json\/wp\/v2\/comments?post=8115"}],"wp:featuredmedia":[{"embeddable":true,"href":"https:\/\/ntswireless.ca\/boutique\/wp-json\/wp\/v2\/media\/8116"}],"wp:attachment":[{"href":"https:\/\/ntswireless.ca\/boutique\/wp-json\/wp\/v2\/media?parent=8115"}],"wp:term":[{"taxonomy":"product_cat","embeddable":true,"href":"https:\/\/ntswireless.ca\/boutique\/wp-json\/wp\/v2\/product_cat?post=8115"},{"taxonomy":"product_tag","embeddable":true,"href":"https:\/\/ntswireless.ca\/boutique\/wp-json\/wp\/v2\/product_tag?post=8115"}],"curies":[{"name":"wp","href":"https:\/\/api.w.org\/{rel}","templated":true}]}}